{"id":48,"date":"2015-10-17T14:07:35","date_gmt":"2015-10-17T14:07:35","guid":{"rendered":"https:\/\/udrugadrstjepankranjcic.wordpress.com\/?page_id=48"},"modified":"2018-04-09T21:58:33","modified_gmt":"2018-04-09T21:58:33","slug":"molitvena-zajednica-dr-stjepan-kranjcic","status":"publish","type":"page","link":"https:\/\/kranjcic.hr\/?page_id=48","title":{"rendered":"Molitvena zajednica"},"content":{"rendered":"<p><a href=\"http:\/\/novo.kranjcic.hr\/wp-content\/uploads\/2015\/10\/molitvena02.jpg\"><img loading=\"lazy\" decoding=\"async\" class=\"alignleft size-medium wp-image-88\" src=\"http:\/\/novo.kranjcic.hr\/wp-content\/uploads\/2015\/10\/molitvena02.jpg?w=300\" alt=\"molitvena02\" width=\"300\" height=\"225\" srcset=\"https:\/\/kranjcic.hr\/wp-content\/uploads\/2015\/10\/molitvena02.jpg 1200w, https:\/\/kranjcic.hr\/wp-content\/uploads\/2015\/10\/molitvena02-300x225.jpg 300w, https:\/\/kranjcic.hr\/wp-content\/uploads\/2015\/10\/molitvena02-768x576.jpg 768w, https:\/\/kranjcic.hr\/wp-content\/uploads\/2015\/10\/molitvena02-1024x768.jpg 1024w\" sizes=\"auto, (max-width: 300px) 100vw, 300px\" \/><\/a>Molitvena zajednica\u00a0\u201eDr. Stjepan Kranj\u010di\u0107\u201d osnovana je 4. studenoga 2008. u Kri\u017eevcima. Rije\u010d je o molitvenoj zajednici kri\u017eeva\u010dkih \u017eupa u kojoj se moli za Crkvu, domovinu, duhovna zvanja, za osobne potrebe, a molitvom se posebno utje\u010de svim hrvatskim svecima i bla\u017eenicima, sv. Marku Kri\u017eev\u010daninu, a moli se i za otvorenje procesa za progla\u0161enje bla\u017eenim pokojnoga kri\u017eeva\u010dkog \u00a0\u017eupnika Stjepana Kranj\u010di\u0107a.<\/p>\n<p>Tajnica molitvene zajednice je vjerou\u010diteljica Valentina Juri\u0161i\u0107, a duhovni asistent \u017eupnik \u017eupe BDM \u017dalosne i sv. Marka kri\u017eev\u010danina Ivan Novak.<\/p>\n<p>Zajednica se okuplja svake prve srijede u mjesecu nakon ve\u010dernje mise u \u017eupnoj crkvi sv. Ane.<\/p>\n<p>Po temeljnom pravilu molitvene zajednice i molitvu za otvorenje procesa za progla\u0161enje bla\u017eenim Stjepana Kranj\u010di\u0107a pridru\u017eeni \u010dlanovi mogu moliti sami, a tako mogu moliti i redoviti \u010dlanovi molitvene zajednice izvan vremena redovitoga okupljanja.<\/p>\n<hr \/>\n<h2><\/h2>\n<h4><span style=\"color: #008080;\">MOLITVA ZA OTVORENJE PROCESA ZA PROGLA\u0160ENJE BLA\u017dENIM STJEPANA KRANJ\u010cI\u0106A<\/span><\/h4>\n<p>Dragi Bo\u017ee!<br \/>\nSlugu svojega Stjepana Kranj\u010di\u0107a obdario si milosnim darom sve\u0107eni\u0161tva. Sve\u0107eni\u010dku slu\u017ebu nastojao je vr\u0161iti u potpunom predanju i vjernosti Tvojoj svetoj volji. Radosnim navije\u0161tanjem Tvoje rije\u010di i slavljenjem svetih otajstava vodio je povjereni mu narod putevima vjere, nade i ljubavi.\u00a0I u te\u0161kim trenucima protivljenja ustrajao je na putu sve\u0107eni\u010dkog slu\u017eenja i brige za svakoga \u010dovjeka.<\/p>\n<p>Gospodine, daj da i moja vjera, kao i moje vjerni\u010dko slu\u017eenje u svijetu, rastu po uzoru na sve\u0107eni\u010dki \u017eivot i predanje Tvojega sluge Stjepana Kranj\u010di\u0107a.\u00a0Ako je volja Tvoja, molimo Te, Gospodine, za pokretanje postupka za progla\u0161enje bla\u017eenim Tvojega sluge sve\u0107enika Stjepana.<\/p>\n<p>Amen.<\/p>\n<p>&nbsp;<\/p>\n<h2><span style=\"color: #008080;\">PRILOZI<\/span><\/h2>\n<p><a href=\"https:\/\/kranjcic.hr\/wp-content\/uploads\/2015\/10\/pravilo.pdf\" target=\"_blank\" rel=\"noopener\"><span style=\"color: #000000;\">Temeljno pravilo molitvene zajednice<\/span><\/a><\/p>\n","protected":false},"excerpt":{"rendered":"<p>Molitvena zajednica\u00a0\u201eDr. Stjepan Kranj\u010di\u0107\u201d osnovana je 4. studenoga 2008. u Kri\u017eevcima. Rije\u010d je o molitvenoj zajednici kri\u017eeva\u010dkih \u017eupa u kojoj se moli za Crkvu, domovinu, duhovna zvanja, za osobne potrebe, a molitvom se posebno utje\u010de svim hrvatskim svecima i bla\u017eenicima, sv. Marku Kri\u017eev\u010daninu, a moli se i za otvorenje procesa&hellip; <\/p>\n","protected":false},"author":1,"featured_media":0,"parent":0,"menu_order":8,"comment_status":"closed","ping_status":"closed","template":"","meta":{"footnotes":""},"class_list":["post-48","page","type-page","status-publish","hentry"],"_links":{"self":[{"href":"https:\/\/kranjcic.hr\/index.php?rest_route=\/wp\/v2\/pages\/48","targetHints":{"allow":["GET"]}}],"collection":[{"href":"https:\/\/kranjcic.hr\/index.php?rest_route=\/wp\/v2\/pages"}],"about":[{"href":"https:\/\/kranjcic.hr\/index.php?rest_route=\/wp\/v2\/types\/page"}],"author":[{"embeddable":true,"href":"https:\/\/kranjcic.hr\/index.php?rest_route=\/wp\/v2\/users\/1"}],"replies":[{"embeddable":true,"href":"https:\/\/kranjcic.hr\/index.php?rest_route=%2Fwp%2Fv2%2Fcomments&post=48"}],"version-history":[{"count":9,"href":"https:\/\/kranjcic.hr\/index.php?rest_route=\/wp\/v2\/pages\/48\/revisions"}],"predecessor-version":[{"id":4095,"href":"https:\/\/kranjcic.hr\/index.php?rest_route=\/wp\/v2\/pages\/48\/revisions\/4095"}],"wp:attachment":[{"href":"https:\/\/kranjcic.hr\/index.php?rest_route=%2Fwp%2Fv2%2Fmedia&parent=48"}],"curies":[{"name":"wp","href":"https:\/\/api.w.org\/{rel}","templated":true}]}}